{"id":10,"date":"2025-03-03T18:45:56","date_gmt":"2025-03-03T17:45:56","guid":{"rendered":"http:\/\/www.schmid-weine.at\/?page_id=10"},"modified":"2025-03-03T18:45:56","modified_gmt":"2025-03-03T17:45:56","slug":"ueber-mich","status":"publish","type":"page","link":"https:\/\/www.schmid-weine.at\/?page_id=10","title":{"rendered":"\u00dcber Uns"},"content":{"rendered":"<h3>Wir bewirtschaften ca. 6 Hektar Weing\u00e4rten in Ollersdorf und Ebenthal.<br \/>\nIn unseren Rieden gedeihen auf seichtgr\u00fcndigen L\u00f6\u00dfb\u00f6den die Sorten:<\/h3>\n<h3>Gr\u00fcner Veltliner<br \/>\nWelschriesling<br \/>\nRiesling<br \/>\nChardonnay<br \/>\nMuskat Ottonel<br \/>\nTraminer<br \/>\nZweigelt<br \/>\nBlaufr\u00e4nkisch<br \/>\nund Blauburger<\/h3>\n<h3>Diese Weine werden sortenrein und auch als Cuvee&#8217;s in Bouteillen abgef\u00fcllt.<\/h3>\n<h3>Gerne machen wir auch Weinpr\u00e4sentationen und Verkostungen in unserem Kellerst\u00fcberl in Ebenthal.<\/h3>\n<h3>Weinverkauf jederzeit auf &#8222;Gut Gl\u00fcck&#8220; oder gegen telefonischer Anmeldung.<\/h3>\n<h3>Seit Juni 2021 befindet sich unser Weinautomat in Tallesbrunn, auf der Hauptstra\u00dfe 52, wo sie zu jeder Zeit unser ganzes Sortiment finden k\u00f6nnen. Der Automat funktioniert bargeldlos, und ist nur mit der Karte zu bedienen.<\/h3>\n<p><img decoding=\"async\" src=\"https:\/\/www.schmid-weine.at\/wp-content\/uploads\/2024\/07\/Foto-Weinautomat-225x300.jpg\" \/><\/p>\n<h3>Unser Betrieb ist auch Mitglied der Marchweing\u00e4rtner und der s\u00fcdlichen Weinstra\u00dfe.<\/h3>\n","protected":false},"excerpt":{"rendered":"<p>Wir bewirtschaften ca. 6 Hektar Weing\u00e4rten in Ollersdorf und Ebenthal. In unseren Rieden gedeihen auf seichtgr\u00fcndigen L\u00f6\u00dfb\u00f6den die Sorten: Gr\u00fcner Veltliner Welschriesling Riesling Chardonnay Muskat Ottonel Traminer Zweigelt Blaufr\u00e4nkisch und Blauburger Diese Weine werden sortenrein und auch als Cuvee&#8217;s in Bouteillen abgef\u00fcllt. Gerne machen wir auch Weinpr\u00e4sentationen und Verkostungen in unserem Kellerst\u00fcberl in Ebenthal. Weinverkauf &hellip; <\/p>\n<p class=\"link-more\"><a href=\"https:\/\/www.schmid-weine.at\/?page_id=10\" class=\"more-link\"><span class=\"screen-reader-text\">\u201e\u00dcber Uns\u201c <\/span>weiterlesen<\/a><\/p>\n","protected":false},"author":2,"featured_media":318,"parent":0,"menu_order":0,"comment_status":"closed","ping_status":"closed","template":"","meta":{"footnotes":""},"class_list":["post-10","page","type-page","status-publish","has-post-thumbnail","hentry"],"_links":{"self":[{"href":"https:\/\/www.schmid-weine.at\/index.php?rest_route=\/wp\/v2\/pages\/10","targetHints":{"allow":["GET"]}}],"collection":[{"href":"https:\/\/www.schmid-weine.at\/index.php?rest_route=\/wp\/v2\/pages"}],"about":[{"href":"https:\/\/www.schmid-weine.at\/index.php?rest_route=\/wp\/v2\/types\/page"}],"author":[{"embeddable":true,"href":"https:\/\/www.schmid-weine.at\/index.php?rest_route=\/wp\/v2\/users\/2"}],"replies":[{"embeddable":true,"href":"https:\/\/www.schmid-weine.at\/index.php?rest_route=%2Fwp%2Fv2%2Fcomments&post=10"}],"version-history":[{"count":14,"href":"https:\/\/www.schmid-weine.at\/index.php?rest_route=\/wp\/v2\/pages\/10\/revisions"}],"predecessor-version":[{"id":970,"href":"https:\/\/www.schmid-weine.at\/index.php?rest_route=\/wp\/v2\/pages\/10\/revisions\/970"}],"wp:featuredmedia":[{"embeddable":true,"href":"https:\/\/www.schmid-weine.at\/index.php?rest_route=\/wp\/v2\/media\/318"}],"wp:attachment":[{"href":"https:\/\/www.schmid-weine.at\/index.php?rest_route=%2Fwp%2Fv2%2Fmedia&parent=10"}],"curies":[{"name":"wp","href":"https:\/\/api.w.org\/{rel}","templated":true}]}}