{"id":163,"date":"2025-03-02T18:03:18","date_gmt":"2025-03-02T17:03:18","guid":{"rendered":"https:\/\/www.schmid-weine.at\/?page_id=163"},"modified":"2026-03-14T12:20:20","modified_gmt":"2026-03-14T11:20:20","slug":"weinviertler-dac-2","status":"publish","type":"page","link":"https:\/\/www.schmid-weine.at\/?page_id=163","title":{"rendered":"Weinviertel DAC"},"content":{"rendered":"\t\t<div data-elementor-type=\"wp-post\" data-elementor-id=\"163\" class=\"elementor elementor-163\">\n\t\t\t\t\t\t<section class=\"elementor-section elementor-top-section elementor-element elementor-element-1474dae9 elementor-section-boxed elementor-section-height-default elementor-section-height-default\" data-id=\"1474dae9\" data-element_type=\"section\">\n\t\t\t\t\t\t<div class=\"elementor-container elementor-column-gap-default\">\n\t\t\t\t\t<div class=\"elementor-column elementor-col-100 elementor-top-column elementor-element elementor-element-17bb2469\" data-id=\"17bb2469\" data-element_type=\"column\">\n\t\t\t<div class=\"elementor-widget-wrap elementor-element-populated\">\n\t\t\t\t\t\t<section class=\"elementor-section elementor-inner-section elementor-element elementor-element-5f57d81f elementor-section-boxed elementor-section-height-default elementor-section-height-default\" data-id=\"5f57d81f\" data-element_type=\"section\">\n\t\t\t\t\t\t<div class=\"elementor-container elementor-column-gap-default\">\n\t\t\t\t\t<div class=\"elementor-column elementor-col-50 elementor-inner-column elementor-element elementor-element-59f1c6ea\" data-id=\"59f1c6ea\" data-element_type=\"column\">\n\t\t\t<div class=\"elementor-widget-wrap elementor-element-populated\">\n\t\t\t\t\t\t<div class=\"elementor-element elementor-element-37fd5cad elementor-widget elementor-widget-image\" data-id=\"37fd5cad\" data-element_type=\"widget\" data-widget_type=\"image.default\">\n\t\t\t\t<div class=\"elementor-widget-container\">\n\t\t\t\t\t\t\t\t\t\t\t\t\t\t\t\t<a href=\"https:\/\/www.schmid-weine.at\/wp-content\/uploads\/2026\/03\/IMG_8076-scaled.jpeg\" data-elementor-open-lightbox=\"yes\" data-elementor-lightbox-title=\"IMG_8076\" data-e-action-hash=\"#elementor-action%3Aaction%3Dlightbox%26settings%3DeyJpZCI6MTQ2MiwidXJsIjoiaHR0cHM6XC9cL3d3dy5zY2htaWQtd2VpbmUuYXRcL3dwLWNvbnRlbnRcL3VwbG9hZHNcLzIwMjZcLzAzXC9JTUdfODA3Ni1zY2FsZWQuanBlZyJ9\">\n\t\t\t\t\t\t\t<img fetchpriority=\"high\" decoding=\"async\" width=\"682\" height=\"1024\" src=\"https:\/\/www.schmid-weine.at\/wp-content\/uploads\/2026\/03\/IMG_8076-682x1024.jpeg\" class=\"attachment-large size-large wp-image-1462\" alt=\"\" srcset=\"https:\/\/www.schmid-weine.at\/wp-content\/uploads\/2026\/03\/IMG_8076-682x1024.jpeg 682w, https:\/\/www.schmid-weine.at\/wp-content\/uploads\/2026\/03\/IMG_8076-200x300.jpeg 200w, https:\/\/www.schmid-weine.at\/wp-content\/uploads\/2026\/03\/IMG_8076-768x1152.jpeg 768w, https:\/\/www.schmid-weine.at\/wp-content\/uploads\/2026\/03\/IMG_8076-1024x1536.jpeg 1024w, https:\/\/www.schmid-weine.at\/wp-content\/uploads\/2026\/03\/IMG_8076-1365x2048.jpeg 1365w, https:\/\/www.schmid-weine.at\/wp-content\/uploads\/2026\/03\/IMG_8076-scaled.jpeg 1706w\" sizes=\"100vw\" \/>\t\t\t\t\t\t\t\t<\/a>\n\t\t\t\t\t\t\t\t\t\t\t\t\t\t\t<\/div>\n\t\t\t\t<\/div>\n\t\t\t\t\t<\/div>\n\t\t<\/div>\n\t\t\t\t<div class=\"elementor-column elementor-col-50 elementor-inner-column elementor-element elementor-element-66ac3795\" data-id=\"66ac3795\" data-element_type=\"column\">\n\t\t\t<div class=\"elementor-widget-wrap elementor-element-populated\">\n\t\t\t\t\t\t<div class=\"elementor-element elementor-element-8232b38 elementor-widget__width-initial elementor-widget elementor-widget-text-editor\" data-id=\"8232b38\" data-element_type=\"widget\" data-widget_type=\"text-editor.default\">\n\t\t\t\t<div class=\"elementor-widget-container\">\n\t\t\t\t\t\t\t\t\t<p class=\"MsoNormal\" style=\"margin: 6.0pt 0cm 6.0pt 0cm; font-size: 30px;\"><strong><span lang=\"DE\">Weinviertel<\/span><span lang=\"DE\"> DAC 2025<\/span><\/strong><\/p><p class=\"MsoNormal\" style=\"margin: 6.0pt 0cm 6.0pt 0cm; font-size: 30px;\"><span style=\"font-size: 20px;\">Qualit\u00e4tswein trocken<\/span><span style=\"font-size: 20px;\">\u00a0<\/span><span style=\"font-size: 20px;\">\u20ac 6,80<\/span><\/p><p class=\"MsoNormal\" style=\"margin: 6.0pt 0cm 6.0pt 0cm; font-size: 20px;\"><span lang=\"DE\">Gr\u00fcner Veltliner Sonnberg<\/span><\/p><p class=\"MsoNormal\" style=\"margin: 6pt 0cm;\"><span style=\"font-size: 20px;\">W<\/span><span style=\"font-size: 17px;\">\u00fcrziges Sortenbukett mit eleganten Abgang, sanfte Exotik nach frischer Birne. Seine Typizit\u00e4t aus L\u00f6ssboden des Weinviertels spiegelt sich im Pfeffer wieder.<\/span><\/p><p class=\"MsoNormal\" style=\"margin: 6.0pt 0cm 6.0pt 0cm; font-size: 17px;\">\u00a0<\/p>\t\t\t\t\t\t\t\t<\/div>\n\t\t\t\t<\/div>\n\t\t\t\t\t<\/div>\n\t\t<\/div>\n\t\t\t\t\t<\/div>\n\t\t<\/section>\n\t\t\t\t\t<\/div>\n\t\t<\/div>\n\t\t\t\t\t<\/div>\n\t\t<\/section>\n\t\t\t\t<section class=\"elementor-section elementor-top-section elementor-element elementor-element-c5eba5a elementor-section-boxed elementor-section-height-default elementor-section-height-default\" data-id=\"c5eba5a\" data-element_type=\"section\">\n\t\t\t\t\t\t<div class=\"elementor-container elementor-column-gap-default\">\n\t\t\t\t\t<div class=\"elementor-column elementor-col-50 elementor-top-column elementor-element elementor-element-781c885\" data-id=\"781c885\" data-element_type=\"column\">\n\t\t\t<div class=\"elementor-widget-wrap elementor-element-populated\">\n\t\t\t\t\t\t<div class=\"elementor-element elementor-element-7183c3c elementor-widget__width-initial elementor-widget elementor-widget-image\" data-id=\"7183c3c\" data-element_type=\"widget\" data-widget_type=\"image.default\">\n\t\t\t\t<div class=\"elementor-widget-container\">\n\t\t\t\t\t\t\t\t\t\t\t\t\t\t\t<img decoding=\"async\" width=\"740\" height=\"975\" src=\"https:\/\/www.schmid-weine.at\/wp-content\/uploads\/2024\/07\/DAC-23-Homepage-e1772628457101-777x1024.jpg\" class=\"attachment-large size-large wp-image-751\" alt=\"\" srcset=\"https:\/\/www.schmid-weine.at\/wp-content\/uploads\/2024\/07\/DAC-23-Homepage-e1772628457101-777x1024.jpg 777w, https:\/\/www.schmid-weine.at\/wp-content\/uploads\/2024\/07\/DAC-23-Homepage-e1772628457101-228x300.jpg 228w, https:\/\/www.schmid-weine.at\/wp-content\/uploads\/2024\/07\/DAC-23-Homepage-e1772628457101-768x1013.jpg 768w, https:\/\/www.schmid-weine.at\/wp-content\/uploads\/2024\/07\/DAC-23-Homepage-e1772628457101.jpg 1080w\" sizes=\"100vw\" \/>\t\t\t\t\t\t\t\t\t\t\t\t\t\t\t<\/div>\n\t\t\t\t<\/div>\n\t\t\t\t\t<\/div>\n\t\t<\/div>\n\t\t\t\t<div class=\"elementor-column elementor-col-50 elementor-top-column elementor-element elementor-element-3b57614\" data-id=\"3b57614\" data-element_type=\"column\">\n\t\t\t<div class=\"elementor-widget-wrap elementor-element-populated\">\n\t\t\t\t\t\t<div class=\"elementor-element elementor-element-5be8cab elementor-widget elementor-widget-text-editor\" data-id=\"5be8cab\" data-element_type=\"widget\" data-widget_type=\"text-editor.default\">\n\t\t\t\t<div class=\"elementor-widget-container\">\n\t\t\t\t\t\t\t\t\t<p class=\"MsoNormal\" style=\"caret-color: #000000; color: #000000; margin: 6pt 0cm; font-size: 30px;\"><span style=\"font-weight: bold; color: #808080;\">Weinviertel DAC 2024<\/span><\/p><p style=\"caret-color: #000000; color: #000000;\"><span style=\"color: #ff9900;\">GOLD N\u00d6-Weinmesse<\/span><\/p><p style=\"caret-color: #000000; color: #000000;\"><span style=\"color: #808080;\"><span style=\"font-size: 20px;\">Qualit\u00e4tswein trocken<\/span><span style=\"font-size: 20px;\">\u00a0<\/span><span style=\"font-size: 20px;\">\u20ac 6,80<\/span><\/span><\/p><p class=\"MsoNormal\" style=\"caret-color: #000000; color: #000000; margin: 6pt 0cm; font-size: 20px;\"><span lang=\"DE\" style=\"color: #808080;\">Gr\u00fcner Veltliner Sonnberg<\/span><\/p><p class=\"MsoNormal\" style=\"caret-color: #000000; color: #000000; margin: 6pt 0cm;\"><span style=\"color: #808080;\"><span style=\"font-size: 17px;\">Intensives Aroma nach reifen \u00c4pfel, lebendige Struktur mit kr\u00e4ftigem Abgang. Seine Typizit\u00e4t aus L\u00f6ssboden des Weinviertels spiegelt sich im Pfeffer wieder.<\/span><\/span><\/p>\t\t\t\t\t\t\t\t<\/div>\n\t\t\t\t<\/div>\n\t\t\t\t\t<\/div>\n\t\t<\/div>\n\t\t\t\t\t<\/div>\n\t\t<\/section>\n\t\t\t\t<section class=\"elementor-section elementor-top-section elementor-element elementor-element-993b6c6 elementor-section-boxed elementor-section-height-default elementor-section-height-default\" data-id=\"993b6c6\" data-element_type=\"section\">\n\t\t\t\t\t\t<div class=\"elementor-container elementor-column-gap-default\">\n\t\t\t\t\t<div class=\"elementor-column elementor-col-50 elementor-top-column elementor-element elementor-element-b7fcc9b\" data-id=\"b7fcc9b\" data-element_type=\"column\">\n\t\t\t<div class=\"elementor-widget-wrap elementor-element-populated\">\n\t\t\t\t\t\t<div class=\"elementor-element elementor-element-353a8d6 elementor-widget elementor-widget-image\" data-id=\"353a8d6\" data-element_type=\"widget\" data-widget_type=\"image.default\">\n\t\t\t\t<div class=\"elementor-widget-container\">\n\t\t\t\t\t\t\t\t\t\t\t\t\t\t\t<img decoding=\"async\" width=\"740\" height=\"975\" src=\"https:\/\/www.schmid-weine.at\/wp-content\/uploads\/2024\/07\/DAC-23-Homepage-e1772628457101-777x1024.jpg\" class=\"attachment-large size-large wp-image-751\" alt=\"\" srcset=\"https:\/\/www.schmid-weine.at\/wp-content\/uploads\/2024\/07\/DAC-23-Homepage-e1772628457101-777x1024.jpg 777w, https:\/\/www.schmid-weine.at\/wp-content\/uploads\/2024\/07\/DAC-23-Homepage-e1772628457101-228x300.jpg 228w, https:\/\/www.schmid-weine.at\/wp-content\/uploads\/2024\/07\/DAC-23-Homepage-e1772628457101-768x1013.jpg 768w, https:\/\/www.schmid-weine.at\/wp-content\/uploads\/2024\/07\/DAC-23-Homepage-e1772628457101.jpg 1080w\" sizes=\"100vw\" \/>\t\t\t\t\t\t\t\t\t\t\t\t\t\t\t<\/div>\n\t\t\t\t<\/div>\n\t\t\t\t\t<\/div>\n\t\t<\/div>\n\t\t\t\t<div class=\"elementor-column elementor-col-50 elementor-top-column elementor-element elementor-element-1bfaee2\" data-id=\"1bfaee2\" data-element_type=\"column\">\n\t\t\t<div class=\"elementor-widget-wrap elementor-element-populated\">\n\t\t\t\t\t\t<div class=\"elementor-element elementor-element-c696ac8 elementor-widget elementor-widget-text-editor\" data-id=\"c696ac8\" data-element_type=\"widget\" data-widget_type=\"text-editor.default\">\n\t\t\t\t<div class=\"elementor-widget-container\">\n\t\t\t\t\t\t\t\t\t<p class=\"MsoNormal\" style=\"margin: 6pt 0cm; font-size: 30px;\"><span style=\"font-weight: bold;\">Weinviertel DAC 2023<\/span><\/p><p><span lang=\"DE\" style=\"color: #ff9900;\">im SAL<\/span><span style=\"color: #ff9900; font-size: 1rem;\">ON \u00d6sterreich 2024<\/span><\/p><p><span style=\"font-size: 20px;\">Qualit\u00e4tswein trocken<\/span><span style=\"font-size: 20px;\">\u00a0<\/span><span style=\"font-size: 20px;\">\u20ac 6,80<\/span><\/p><p class=\"MsoNormal\" style=\"margin: 6pt 0cm; font-size: 20px;\"><span lang=\"DE\">Gr\u00fcner Veltliner Sonnberg<\/span><\/p><p class=\"MsoNormal\" style=\"margin: 6pt 0cm;\"><span style=\"font-size: 20px;\">E<\/span><span style=\"font-size: 17px;\">leganter Abgang, saftige Exotik nach Zitrusfr\u00fcchte und Apfel. Seine Typizit\u00e4t aus L\u00f6ssboden des Weinviertels spiegelt sich im Pfeffer wieder.<\/span><\/p>\t\t\t\t\t\t\t\t<\/div>\n\t\t\t\t<\/div>\n\t\t\t\t\t<\/div>\n\t\t<\/div>\n\t\t\t\t\t<\/div>\n\t\t<\/section>\n\t\t\t\t<section class=\"elementor-section elementor-top-section elementor-element elementor-element-e6819f2 elementor-section-boxed elementor-section-height-default elementor-section-height-default\" data-id=\"e6819f2\" data-element_type=\"section\">\n\t\t\t\t\t\t<div class=\"elementor-container elementor-column-gap-default\">\n\t\t\t\t\t<div class=\"elementor-column elementor-col-100 elementor-top-column elementor-element elementor-element-2dd2f73\" data-id=\"2dd2f73\" data-element_type=\"column\">\n\t\t\t<div class=\"elementor-widget-wrap\">\n\t\t\t\t\t\t\t<\/div>\n\t\t<\/div>\n\t\t\t\t\t<\/div>\n\t\t<\/section>\n\t\t\t\t<\/div>\n\t\t","protected":false},"excerpt":{"rendered":"<p>Weinviertel DAC 2025 Qualit\u00e4tswein trocken\u00a0\u20ac 6,80 Gr\u00fcner Veltliner Sonnberg W\u00fcrziges Sortenbukett mit eleganten Abgang, sanfte Exotik nach frischer Birne. Seine Typizit\u00e4t aus L\u00f6ssboden des Weinviertels spiegelt sich im Pfeffer wieder. \u00a0 Weinviertel DAC 2024 GOLD N\u00d6-Weinmesse Qualit\u00e4tswein trocken\u00a0\u20ac 6,80 Gr\u00fcner Veltliner Sonnberg Intensives Aroma nach reifen \u00c4pfel, lebendige Struktur mit kr\u00e4ftigem Abgang. Seine Typizit\u00e4t aus &hellip; <\/p>\n<p class=\"link-more\"><a href=\"https:\/\/www.schmid-weine.at\/?page_id=163\" class=\"more-link\"><span class=\"screen-reader-text\">\u201eWeinviertel DAC\u201c <\/span>weiterlesen<\/a><\/p>\n","protected":false},"author":1,"featured_media":0,"parent":0,"menu_order":0,"comment_status":"closed","ping_status":"closed","template":"","meta":{"footnotes":""},"class_list":["post-163","page","type-page","status-publish","hentry"],"_links":{"self":[{"href":"https:\/\/www.schmid-weine.at\/index.php?rest_route=\/wp\/v2\/pages\/163","targetHints":{"allow":["GET"]}}],"collection":[{"href":"https:\/\/www.schmid-weine.at\/index.php?rest_route=\/wp\/v2\/pages"}],"about":[{"href":"https:\/\/www.schmid-weine.at\/index.php?rest_route=\/wp\/v2\/types\/page"}],"author":[{"embeddable":true,"href":"https:\/\/www.schmid-weine.at\/index.php?rest_route=\/wp\/v2\/users\/1"}],"replies":[{"embeddable":true,"href":"https:\/\/www.schmid-weine.at\/index.php?rest_route=%2Fwp%2Fv2%2Fcomments&post=163"}],"version-history":[{"count":80,"href":"https:\/\/www.schmid-weine.at\/index.php?rest_route=\/wp\/v2\/pages\/163\/revisions"}],"predecessor-version":[{"id":1485,"href":"https:\/\/www.schmid-weine.at\/index.php?rest_route=\/wp\/v2\/pages\/163\/revisions\/1485"}],"wp:attachment":[{"href":"https:\/\/www.schmid-weine.at\/index.php?rest_route=%2Fwp%2Fv2%2Fmedia&parent=163"}],"curies":[{"name":"wp","href":"https:\/\/api.w.org\/{rel}","templated":true}]}}