{"id":46,"date":"2018-05-03T17:36:06","date_gmt":"2018-05-03T15:36:06","guid":{"rendered":"https:\/\/www.schmid-weine.at\/?page_id=46"},"modified":"2026-03-01T17:39:07","modified_gmt":"2026-03-01T16:39:07","slug":"frizzante-muskat-ortonell","status":"publish","type":"page","link":"https:\/\/www.schmid-weine.at\/?page_id=46","title":{"rendered":"Frizzante Muskat Ottonel"},"content":{"rendered":"\t\t<div data-elementor-type=\"wp-post\" data-elementor-id=\"46\" class=\"elementor elementor-46\">\n\t\t\t\t\t\t<section class=\"elementor-section elementor-top-section elementor-element elementor-element-d18135e elementor-section-boxed elementor-section-height-default elementor-section-height-default\" data-id=\"d18135e\" data-element_type=\"section\">\n\t\t\t\t\t\t<div class=\"elementor-container elementor-column-gap-default\">\n\t\t\t\t\t<div class=\"elementor-column elementor-col-100 elementor-top-column elementor-element elementor-element-5113e0eb\" data-id=\"5113e0eb\" data-element_type=\"column\">\n\t\t\t<div class=\"elementor-widget-wrap elementor-element-populated\">\n\t\t\t\t\t\t<section class=\"elementor-section elementor-inner-section elementor-element elementor-element-2f8e8144 elementor-section-boxed elementor-section-height-default elementor-section-height-default\" data-id=\"2f8e8144\" data-element_type=\"section\">\n\t\t\t\t\t\t<div class=\"elementor-container elementor-column-gap-default\">\n\t\t\t\t\t<div class=\"elementor-column elementor-col-50 elementor-inner-column elementor-element elementor-element-5871be76\" data-id=\"5871be76\" data-element_type=\"column\">\n\t\t\t<div class=\"elementor-widget-wrap elementor-element-populated\">\n\t\t\t\t\t\t<div class=\"elementor-element elementor-element-5efc7069 elementor-widget elementor-widget-image\" data-id=\"5efc7069\" data-element_type=\"widget\" data-widget_type=\"image.default\">\n\t\t\t\t<div class=\"elementor-widget-container\">\n\t\t\t\t\t\t\t\t\t\t\t\t\t\t\t\t<a href=\"https:\/\/www.schmid-weine.at\/wp-content\/uploads\/2019\/03\/Frizzante-Muskat-Ottonel.jpg\" data-elementor-open-lightbox=\"yes\" data-elementor-lightbox-title=\"Frizzante Muskat Ottonel\" data-e-action-hash=\"#elementor-action%3Aaction%3Dlightbox%26settings%3DeyJpZCI6MTgxLCJ1cmwiOiJodHRwczpcL1wvd3d3LnNjaG1pZC13ZWluZS5hdFwvd3AtY29udGVudFwvdXBsb2Fkc1wvMjAxOVwvMDNcL0ZyaXp6YW50ZS1NdXNrYXQtT3R0b25lbC5qcGcifQ%3D%3D\">\n\t\t\t\t\t\t\t<img fetchpriority=\"high\" decoding=\"async\" width=\"740\" height=\"987\" src=\"https:\/\/www.schmid-weine.at\/wp-content\/uploads\/2019\/03\/Frizzante-Muskat-Ottonel-768x1024.jpg\" class=\"attachment-large size-large wp-image-181\" alt=\"\" srcset=\"https:\/\/www.schmid-weine.at\/wp-content\/uploads\/2019\/03\/Frizzante-Muskat-Ottonel-768x1024.jpg 768w, https:\/\/www.schmid-weine.at\/wp-content\/uploads\/2019\/03\/Frizzante-Muskat-Ottonel-225x300.jpg 225w, https:\/\/www.schmid-weine.at\/wp-content\/uploads\/2019\/03\/Frizzante-Muskat-Ottonel.jpg 1772w\" sizes=\"100vw\" \/>\t\t\t\t\t\t\t\t<\/a>\n\t\t\t\t\t\t\t\t\t\t\t\t\t\t\t<\/div>\n\t\t\t\t<\/div>\n\t\t\t\t\t<\/div>\n\t\t<\/div>\n\t\t\t\t<div class=\"elementor-column elementor-col-50 elementor-inner-column elementor-element elementor-element-6d63bcd5\" data-id=\"6d63bcd5\" data-element_type=\"column\">\n\t\t\t<div class=\"elementor-widget-wrap elementor-element-populated\">\n\t\t\t\t\t\t<div class=\"elementor-element elementor-element-7ad43c3e elementor-widget elementor-widget-text-editor\" data-id=\"7ad43c3e\" data-element_type=\"widget\" data-widget_type=\"text-editor.default\">\n\t\t\t\t<div class=\"elementor-widget-container\">\n\t\t\t\t\t\t\t\t\t<p class=\"MsoNormal\" style=\"margin: 6.0pt 0cm 6.0pt 0cm;\"><strong style=\"font-size: 30px;\"><span lang=\"DE\">Frizzante Muskat Ottonel 2024<\/span><\/strong><\/p><p class=\"MsoNormal\" style=\"margin: 6.0pt 0cm 6.0pt 0cm;\"><span lang=\"DE\" style=\"font-size: 20px;\">trocken<span style=\"mso-spacerun: yes;\">\u00a0\u00a0<\/span>\u20ac 6,50<\/span><\/p><p class=\"MsoNormal\" style=\"margin: 6pt 0cm;\"><span style=\"font-size: 17px;\">Ein Duft von Zitronenmelissen mit zarten Holunderbl\u00fcten und Weingartenpfirsich versp\u00fcren ein Vergn\u00fcgen am Gaumen, ein pikantes und prickelndes Erlebnis.<\/span><\/p>\t\t\t\t\t\t\t\t<\/div>\n\t\t\t\t<\/div>\n\t\t\t\t\t<\/div>\n\t\t<\/div>\n\t\t\t\t\t<\/div>\n\t\t<\/section>\n\t\t\t\t\t<\/div>\n\t\t<\/div>\n\t\t\t\t\t<\/div>\n\t\t<\/section>\n\t\t\t\t<\/div>\n\t\t","protected":false},"excerpt":{"rendered":"<p>Frizzante Muskat Ottonel 2024 trocken\u00a0\u00a0\u20ac 6,50 Ein Duft von Zitronenmelissen mit zarten Holunderbl\u00fcten und Weingartenpfirsich versp\u00fcren ein Vergn\u00fcgen am Gaumen, ein pikantes und prickelndes Erlebnis.<\/p>\n","protected":false},"author":1,"featured_media":0,"parent":0,"menu_order":0,"comment_status":"closed","ping_status":"closed","template":"","meta":{"footnotes":""},"class_list":["post-46","page","type-page","status-publish","hentry"],"_links":{"self":[{"href":"https:\/\/www.schmid-weine.at\/index.php?rest_route=\/wp\/v2\/pages\/46","targetHints":{"allow":["GET"]}}],"collection":[{"href":"https:\/\/www.schmid-weine.at\/index.php?rest_route=\/wp\/v2\/pages"}],"about":[{"href":"https:\/\/www.schmid-weine.at\/index.php?rest_route=\/wp\/v2\/types\/page"}],"author":[{"embeddable":true,"href":"https:\/\/www.schmid-weine.at\/index.php?rest_route=\/wp\/v2\/users\/1"}],"replies":[{"embeddable":true,"href":"https:\/\/www.schmid-weine.at\/index.php?rest_route=%2Fwp%2Fv2%2Fcomments&post=46"}],"version-history":[{"count":28,"href":"https:\/\/www.schmid-weine.at\/index.php?rest_route=\/wp\/v2\/pages\/46\/revisions"}],"predecessor-version":[{"id":1220,"href":"https:\/\/www.schmid-weine.at\/index.php?rest_route=\/wp\/v2\/pages\/46\/revisions\/1220"}],"wp:attachment":[{"href":"https:\/\/www.schmid-weine.at\/index.php?rest_route=%2Fwp%2Fv2%2Fmedia&parent=46"}],"curies":[{"name":"wp","href":"https:\/\/api.w.org\/{rel}","templated":true}]}}