{"id":51,"date":"2018-05-03T17:36:44","date_gmt":"2018-05-03T15:36:44","guid":{"rendered":"https:\/\/www.schmid-weine.at\/?page_id=51"},"modified":"2026-03-01T17:38:09","modified_gmt":"2026-03-01T16:38:09","slug":"weinviertler-dac","status":"publish","type":"page","link":"https:\/\/www.schmid-weine.at\/?page_id=51","title":{"rendered":"Bernsteinwein"},"content":{"rendered":"\t\t<div data-elementor-type=\"wp-post\" data-elementor-id=\"51\" class=\"elementor elementor-51\">\n\t\t\t\t\t\t<section class=\"elementor-section elementor-top-section elementor-element elementor-element-325b73d1 elementor-section-boxed elementor-section-height-default elementor-section-height-default\" data-id=\"325b73d1\" data-element_type=\"section\">\n\t\t\t\t\t\t<div class=\"elementor-container elementor-column-gap-default\">\n\t\t\t\t\t<div class=\"elementor-column elementor-col-100 elementor-top-column elementor-element elementor-element-1eb5d272\" data-id=\"1eb5d272\" data-element_type=\"column\">\n\t\t\t<div class=\"elementor-widget-wrap elementor-element-populated\">\n\t\t\t\t\t\t<section class=\"elementor-section elementor-inner-section elementor-element elementor-element-38107db8 elementor-section-boxed elementor-section-height-default elementor-section-height-default\" data-id=\"38107db8\" data-element_type=\"section\">\n\t\t\t\t\t\t<div class=\"elementor-container elementor-column-gap-default\">\n\t\t\t\t\t<div class=\"elementor-column elementor-col-50 elementor-inner-column elementor-element elementor-element-70b61b6e\" data-id=\"70b61b6e\" data-element_type=\"column\">\n\t\t\t<div class=\"elementor-widget-wrap elementor-element-populated\">\n\t\t\t\t\t\t<div class=\"elementor-element elementor-element-37d86c1d elementor-widget elementor-widget-image\" data-id=\"37d86c1d\" data-element_type=\"widget\" data-widget_type=\"image.default\">\n\t\t\t\t<div class=\"elementor-widget-container\">\n\t\t\t\t\t\t\t\t\t\t\t\t\t\t\t\t<a href=\"https:\/\/www.schmid-weine.at\/wp-content\/uploads\/2019\/03\/Bernsteinwein.jpg\" data-elementor-open-lightbox=\"yes\" data-elementor-lightbox-title=\"Bernsteinwein\" data-e-action-hash=\"#elementor-action%3Aaction%3Dlightbox%26settings%3DeyJpZCI6MTc2LCJ1cmwiOiJodHRwczpcL1wvd3d3LnNjaG1pZC13ZWluZS5hdFwvd3AtY29udGVudFwvdXBsb2Fkc1wvMjAxOVwvMDNcL0Jlcm5zdGVpbndlaW4uanBnIn0%3D\">\n\t\t\t\t\t\t\t<img fetchpriority=\"high\" decoding=\"async\" width=\"740\" height=\"987\" src=\"https:\/\/www.schmid-weine.at\/wp-content\/uploads\/2019\/03\/Bernsteinwein-768x1024.jpg\" class=\"attachment-large size-large wp-image-176\" alt=\"\" srcset=\"https:\/\/www.schmid-weine.at\/wp-content\/uploads\/2019\/03\/Bernsteinwein-768x1024.jpg 768w, https:\/\/www.schmid-weine.at\/wp-content\/uploads\/2019\/03\/Bernsteinwein-225x300.jpg 225w, https:\/\/www.schmid-weine.at\/wp-content\/uploads\/2019\/03\/Bernsteinwein.jpg 1772w\" sizes=\"100vw\" \/>\t\t\t\t\t\t\t\t<\/a>\n\t\t\t\t\t\t\t\t\t\t\t\t\t\t\t<\/div>\n\t\t\t\t<\/div>\n\t\t\t\t\t<\/div>\n\t\t<\/div>\n\t\t\t\t<div class=\"elementor-column elementor-col-50 elementor-inner-column elementor-element elementor-element-4db429f7\" data-id=\"4db429f7\" data-element_type=\"column\">\n\t\t\t<div class=\"elementor-widget-wrap elementor-element-populated\">\n\t\t\t\t\t\t<div class=\"elementor-element elementor-element-513f2f58 elementor-widget elementor-widget-text-editor\" data-id=\"513f2f58\" data-element_type=\"widget\" data-widget_type=\"text-editor.default\">\n\t\t\t\t<div class=\"elementor-widget-container\">\n\t\t\t\t\t\t\t\t\t<p class=\"MsoNormal\" style=\"margin: 6.0pt 0cm 6.0pt 0cm; font-size: 30px;\"><strong><span lang=\"DE\">B<\/span><span lang=\"DE\">ernsteinwein 2025<\/span><\/strong><\/p><p><span lang=\"DE\" style=\"font-size: 20px;\">Qualit\u00e4t<\/span><span lang=\"DE\" style=\"font-size: 20px;\">swein<\/span><span lang=\"DE\" style=\"font-size: 20px;\"> trocken<\/span><span lang=\"DE\" style=\"font-size: 20px;\">\u00a0<\/span><span lang=\"DE\" style=\"font-size: 20px;\">\u20ac<\/span><span lang=\"DE\" style=\"font-size: 20px;\">\u00a08,00<\/span><\/p><p class=\"MsoNormal\" style=\"margin: 6pt 0cm;\"><span style=\"font-size: 17px;\">Ein Cuv\u00e9e aus Welschriesling, Riesling und Chardonnay. Sch\u00f6ner Duft nach feinen Steinobst, und reifen Bananen. Am Gaumen fruchtig, kr\u00e4ftig und cremig \u2013 im Abgang breit und lang anhaltend.<\/span><\/p>\t\t\t\t\t\t\t\t<\/div>\n\t\t\t\t<\/div>\n\t\t\t\t\t<\/div>\n\t\t<\/div>\n\t\t\t\t\t<\/div>\n\t\t<\/section>\n\t\t\t\t\t<\/div>\n\t\t<\/div>\n\t\t\t\t\t<\/div>\n\t\t<\/section>\n\t\t\t\t<section class=\"elementor-section elementor-top-section elementor-element elementor-element-e003843 elementor-section-boxed elementor-section-height-default elementor-section-height-default\" data-id=\"e003843\" data-element_type=\"section\">\n\t\t\t\t\t\t<div class=\"elementor-container elementor-column-gap-default\">\n\t\t\t\t\t<div class=\"elementor-column elementor-col-100 elementor-top-column elementor-element elementor-element-1967e08\" data-id=\"1967e08\" data-element_type=\"column\">\n\t\t\t<div class=\"elementor-widget-wrap\">\n\t\t\t\t\t\t\t<\/div>\n\t\t<\/div>\n\t\t\t\t\t<\/div>\n\t\t<\/section>\n\t\t\t\t<\/div>\n\t\t","protected":false},"excerpt":{"rendered":"<p>Bernsteinwein 2025 Qualit\u00e4tswein trocken\u00a0\u20ac\u00a08,00 Ein Cuv\u00e9e aus Welschriesling, Riesling und Chardonnay. Sch\u00f6ner Duft nach feinen Steinobst, und reifen Bananen. Am Gaumen fruchtig, kr\u00e4ftig und cremig \u2013 im Abgang breit und lang anhaltend.<\/p>\n","protected":false},"author":1,"featured_media":0,"parent":0,"menu_order":0,"comment_status":"closed","ping_status":"closed","template":"","meta":{"footnotes":""},"class_list":["post-51","page","type-page","status-publish","hentry"],"_links":{"self":[{"href":"https:\/\/www.schmid-weine.at\/index.php?rest_route=\/wp\/v2\/pages\/51","targetHints":{"allow":["GET"]}}],"collection":[{"href":"https:\/\/www.schmid-weine.at\/index.php?rest_route=\/wp\/v2\/pages"}],"about":[{"href":"https:\/\/www.schmid-weine.at\/index.php?rest_route=\/wp\/v2\/types\/page"}],"author":[{"embeddable":true,"href":"https:\/\/www.schmid-weine.at\/index.php?rest_route=\/wp\/v2\/users\/1"}],"replies":[{"embeddable":true,"href":"https:\/\/www.schmid-weine.at\/index.php?rest_route=%2Fwp%2Fv2%2Fcomments&post=51"}],"version-history":[{"count":38,"href":"https:\/\/www.schmid-weine.at\/index.php?rest_route=\/wp\/v2\/pages\/51\/revisions"}],"predecessor-version":[{"id":1217,"href":"https:\/\/www.schmid-weine.at\/index.php?rest_route=\/wp\/v2\/pages\/51\/revisions\/1217"}],"wp:attachment":[{"href":"https:\/\/www.schmid-weine.at\/index.php?rest_route=%2Fwp%2Fv2%2Fmedia&parent=51"}],"curies":[{"name":"wp","href":"https:\/\/api.w.org\/{rel}","templated":true}]}}