{"id":54,"date":"2018-05-03T17:37:05","date_gmt":"2018-05-03T15:37:05","guid":{"rendered":"https:\/\/www.schmid-weine.at\/?page_id=54"},"modified":"2026-03-09T12:31:53","modified_gmt":"2026-03-09T11:31:53","slug":"chardonnay","status":"publish","type":"page","link":"https:\/\/www.schmid-weine.at\/?page_id=54","title":{"rendered":"Chardonnay"},"content":{"rendered":"\t\t<div data-elementor-type=\"wp-post\" data-elementor-id=\"54\" class=\"elementor elementor-54\">\n\t\t\t\t\t\t<section class=\"elementor-section elementor-top-section elementor-element elementor-element-3253172c elementor-section-boxed elementor-section-height-default elementor-section-height-default\" data-id=\"3253172c\" data-element_type=\"section\">\n\t\t\t\t\t\t<div class=\"elementor-container elementor-column-gap-default\">\n\t\t\t\t\t<div class=\"elementor-column elementor-col-100 elementor-top-column elementor-element elementor-element-22f669b3\" data-id=\"22f669b3\" data-element_type=\"column\">\n\t\t\t<div class=\"elementor-widget-wrap elementor-element-populated\">\n\t\t\t\t\t\t<section class=\"elementor-section elementor-inner-section elementor-element elementor-element-63986bf0 elementor-section-boxed elementor-section-height-default elementor-section-height-default\" data-id=\"63986bf0\" data-element_type=\"section\">\n\t\t\t\t\t\t<div class=\"elementor-container elementor-column-gap-default\">\n\t\t\t\t\t<div class=\"elementor-column elementor-col-50 elementor-inner-column elementor-element elementor-element-7f7c750\" data-id=\"7f7c750\" data-element_type=\"column\">\n\t\t\t<div class=\"elementor-widget-wrap elementor-element-populated\">\n\t\t\t\t\t\t<div class=\"elementor-element elementor-element-233d124a elementor-widget elementor-widget-image\" data-id=\"233d124a\" data-element_type=\"widget\" data-widget_type=\"image.default\">\n\t\t\t\t<div class=\"elementor-widget-container\">\n\t\t\t\t\t\t\t\t\t\t\t\t\t\t\t\t<a href=\"https:\/\/www.schmid-weine.at\/wp-content\/uploads\/2019\/04\/Chadonnay-2018.jpg\" data-elementor-open-lightbox=\"yes\" data-elementor-lightbox-title=\"Chadonnay 2018\" data-e-action-hash=\"#elementor-action%3Aaction%3Dlightbox%26settings%3DeyJpZCI6Mjk3LCJ1cmwiOiJodHRwczpcL1wvd3d3LnNjaG1pZC13ZWluZS5hdFwvd3AtY29udGVudFwvdXBsb2Fkc1wvMjAxOVwvMDRcL0NoYWRvbm5heS0yMDE4LmpwZyJ9\">\n\t\t\t\t\t\t\t<img fetchpriority=\"high\" decoding=\"async\" width=\"740\" height=\"987\" src=\"https:\/\/www.schmid-weine.at\/wp-content\/uploads\/2019\/04\/Chadonnay-2018-768x1024.jpg\" class=\"attachment-large size-large wp-image-297\" alt=\"\" srcset=\"https:\/\/www.schmid-weine.at\/wp-content\/uploads\/2019\/04\/Chadonnay-2018-768x1024.jpg 768w, https:\/\/www.schmid-weine.at\/wp-content\/uploads\/2019\/04\/Chadonnay-2018-225x300.jpg 225w, https:\/\/www.schmid-weine.at\/wp-content\/uploads\/2019\/04\/Chadonnay-2018.jpg 1772w\" sizes=\"100vw\" \/>\t\t\t\t\t\t\t\t<\/a>\n\t\t\t\t\t\t\t\t\t\t\t\t\t\t\t<\/div>\n\t\t\t\t<\/div>\n\t\t\t\t\t<\/div>\n\t\t<\/div>\n\t\t\t\t<div class=\"elementor-column elementor-col-50 elementor-inner-column elementor-element elementor-element-2f91d067\" data-id=\"2f91d067\" data-element_type=\"column\">\n\t\t\t<div class=\"elementor-widget-wrap elementor-element-populated\">\n\t\t\t\t\t\t<div class=\"elementor-element elementor-element-2abe6685 elementor-widget elementor-widget-text-editor\" data-id=\"2abe6685\" data-element_type=\"widget\" data-widget_type=\"text-editor.default\">\n\t\t\t\t<div class=\"elementor-widget-container\">\n\t\t\t\t\t\t\t\t\t<p style=\"margin: 6.0pt 0cm 6.0pt 0cm;\"><strong style=\"font-size: 30px;\"><span lang=\"DE\">Chardonnay 2024<\/span><\/strong><\/p><p><span lang=\"DE\"><span lang=\"DE\" style=\"color: #ff9900;\">GOLD N\u00d6-Weinmesse<\/span><\/span><\/p><p style=\"margin: 6.0pt 0cm 6.0pt 0cm;\"><span lang=\"DE\" style=\"font-size: 20px;\">Qualit\u00e4tswein trocken<span style=\"mso-spacerun: yes;\">\u00a0<\/span>\u20ac 6,50<\/span><\/p><p style=\"margin: 6.0pt 0cm 6.0pt 0cm; font-size: 17px;\"><span lang=\"DE\">Ein Hauch von Exotik erscheint am Gaumen. Breit mit einer zarten Rests\u00fc\u00dfe und eleganter Frucht nach reifen Bananen und Honig. Mit sehr viel Balance und L\u00e4nge, vollmundiger Abgang.<\/span><\/p>\t\t\t\t\t\t\t\t<\/div>\n\t\t\t\t<\/div>\n\t\t\t\t\t<\/div>\n\t\t<\/div>\n\t\t\t\t\t<\/div>\n\t\t<\/section>\n\t\t\t\t\t<\/div>\n\t\t<\/div>\n\t\t\t\t\t<\/div>\n\t\t<\/section>\n\t\t\t\t<section class=\"elementor-section elementor-top-section elementor-element elementor-element-32224859 elementor-section-boxed elementor-section-height-default elementor-section-height-default\" data-id=\"32224859\" data-element_type=\"section\">\n\t\t\t\t\t\t<div class=\"elementor-container elementor-column-gap-default\">\n\t\t\t\t\t<div class=\"elementor-column elementor-col-100 elementor-top-column elementor-element elementor-element-368eded6\" data-id=\"368eded6\" data-element_type=\"column\">\n\t\t\t<div class=\"elementor-widget-wrap elementor-element-populated\">\n\t\t\t\t\t\t<section class=\"elementor-section elementor-inner-section elementor-element elementor-element-4aa72474 elementor-section-boxed elementor-section-height-default elementor-section-height-default\" data-id=\"4aa72474\" data-element_type=\"section\">\n\t\t\t\t\t\t<div class=\"elementor-container elementor-column-gap-default\">\n\t\t\t\t\t<div class=\"elementor-column elementor-col-50 elementor-inner-column elementor-element elementor-element-3b71f090\" data-id=\"3b71f090\" data-element_type=\"column\">\n\t\t\t<div class=\"elementor-widget-wrap elementor-element-populated\">\n\t\t\t\t\t\t<div class=\"elementor-element elementor-element-5bc0f189 elementor-widget elementor-widget-image\" data-id=\"5bc0f189\" data-element_type=\"widget\" data-widget_type=\"image.default\">\n\t\t\t\t<div class=\"elementor-widget-container\">\n\t\t\t\t\t\t\t\t\t\t\t\t\t\t\t\t<a href=\"https:\/\/www.schmid-weine.at\/wp-content\/uploads\/2020\/03\/Chadonnay-2019.jpg\" data-elementor-open-lightbox=\"yes\" data-elementor-lightbox-title=\"Chadonnay 2019\" data-e-action-hash=\"#elementor-action%3Aaction%3Dlightbox%26settings%3DeyJpZCI6NDAzLCJ1cmwiOiJodHRwczpcL1wvd3d3LnNjaG1pZC13ZWluZS5hdFwvd3AtY29udGVudFwvdXBsb2Fkc1wvMjAyMFwvMDNcL0NoYWRvbm5heS0yMDE5LmpwZyJ9\">\n\t\t\t\t\t\t\t<img decoding=\"async\" width=\"740\" height=\"987\" src=\"https:\/\/www.schmid-weine.at\/wp-content\/uploads\/2020\/03\/Chadonnay-2019-768x1024.jpg\" class=\"attachment-large size-large wp-image-403\" alt=\"\" srcset=\"https:\/\/www.schmid-weine.at\/wp-content\/uploads\/2020\/03\/Chadonnay-2019-768x1024.jpg 768w, https:\/\/www.schmid-weine.at\/wp-content\/uploads\/2020\/03\/Chadonnay-2019-225x300.jpg 225w, https:\/\/www.schmid-weine.at\/wp-content\/uploads\/2020\/03\/Chadonnay-2019.jpg 1772w\" sizes=\"100vw\" \/>\t\t\t\t\t\t\t\t<\/a>\n\t\t\t\t\t\t\t\t\t\t\t\t\t\t\t<\/div>\n\t\t\t\t<\/div>\n\t\t\t\t\t<\/div>\n\t\t<\/div>\n\t\t\t\t<div class=\"elementor-column elementor-col-50 elementor-inner-column elementor-element elementor-element-5e4e0bc6\" data-id=\"5e4e0bc6\" data-element_type=\"column\">\n\t\t\t<div class=\"elementor-widget-wrap elementor-element-populated\">\n\t\t\t\t\t\t<div class=\"elementor-element elementor-element-46f6397b elementor-widget elementor-widget-text-editor\" data-id=\"46f6397b\" data-element_type=\"widget\" data-widget_type=\"text-editor.default\">\n\t\t\t\t<div class=\"elementor-widget-container\">\n\t\t\t\t\t\t\t\t\t<h1><strong style=\"font-size: 1.875rem; font-family: var( --e-global-typography-text-font-family ), Sans-serif;\"><span lang=\"DE\">Chardonnay 2025<\/span><\/strong><\/h1><div><strong style=\"font-size: 1.875rem; font-family: var( --e-global-typography-text-font-family ), Sans-serif;\"><span lang=\"DE\">\u00a0<\/span><\/strong><\/div>\t\t\t\t\t\t\t\t<\/div>\n\t\t\t\t<\/div>\n\t\t\t\t\t<\/div>\n\t\t<\/div>\n\t\t\t\t\t<\/div>\n\t\t<\/section>\n\t\t\t\t\t<\/div>\n\t\t<\/div>\n\t\t\t\t\t<\/div>\n\t\t<\/section>\n\t\t\t\t<\/div>\n\t\t","protected":false},"excerpt":{"rendered":"<p>Chardonnay 2024 GOLD N\u00d6-Weinmesse Qualit\u00e4tswein trocken\u00a0\u20ac 6,50 Ein Hauch von Exotik erscheint am Gaumen. Breit mit einer zarten Rests\u00fc\u00dfe und eleganter Frucht nach reifen Bananen und Honig. Mit sehr viel Balance und L\u00e4nge, vollmundiger Abgang. Chardonnay 2025 \u00a0<\/p>\n","protected":false},"author":1,"featured_media":0,"parent":0,"menu_order":0,"comment_status":"closed","ping_status":"closed","template":"","meta":{"footnotes":""},"class_list":["post-54","page","type-page","status-publish","hentry"],"_links":{"self":[{"href":"https:\/\/www.schmid-weine.at\/index.php?rest_route=\/wp\/v2\/pages\/54","targetHints":{"allow":["GET"]}}],"collection":[{"href":"https:\/\/www.schmid-weine.at\/index.php?rest_route=\/wp\/v2\/pages"}],"about":[{"href":"https:\/\/www.schmid-weine.at\/index.php?rest_route=\/wp\/v2\/types\/page"}],"author":[{"embeddable":true,"href":"https:\/\/www.schmid-weine.at\/index.php?rest_route=\/wp\/v2\/users\/1"}],"replies":[{"embeddable":true,"href":"https:\/\/www.schmid-weine.at\/index.php?rest_route=%2Fwp%2Fv2%2Fcomments&post=54"}],"version-history":[{"count":41,"href":"https:\/\/www.schmid-weine.at\/index.php?rest_route=\/wp\/v2\/pages\/54\/revisions"}],"predecessor-version":[{"id":1489,"href":"https:\/\/www.schmid-weine.at\/index.php?rest_route=\/wp\/v2\/pages\/54\/revisions\/1489"}],"wp:attachment":[{"href":"https:\/\/www.schmid-weine.at\/index.php?rest_route=%2Fwp%2Fv2%2Fmedia&parent=54"}],"curies":[{"name":"wp","href":"https:\/\/api.w.org\/{rel}","templated":true}]}}