{"id":58,"date":"2026-03-13T20:18:14","date_gmt":"2026-03-13T19:18:14","guid":{"rendered":"https:\/\/www.schmid-weine.at\/?page_id=58"},"modified":"2026-03-13T20:18:14","modified_gmt":"2026-03-13T19:18:14","slug":"traminer","status":"publish","type":"page","link":"https:\/\/www.schmid-weine.at\/?page_id=58","title":{"rendered":"Traminer"},"content":{"rendered":"\t\t<div data-elementor-type=\"wp-post\" data-elementor-id=\"58\" class=\"elementor elementor-58\">\n\t\t\t\t\t\t<section class=\"elementor-section elementor-top-section elementor-element elementor-element-630caee2 elementor-section-boxed elementor-section-height-default elementor-section-height-default\" data-id=\"630caee2\" data-element_type=\"section\">\n\t\t\t\t\t\t<div class=\"elementor-container elementor-column-gap-default\">\n\t\t\t\t\t<div class=\"elementor-column elementor-col-100 elementor-top-column elementor-element elementor-element-521f37b0\" data-id=\"521f37b0\" data-element_type=\"column\">\n\t\t\t<div class=\"elementor-widget-wrap elementor-element-populated\">\n\t\t\t\t\t\t<section class=\"elementor-section elementor-inner-section elementor-element elementor-element-6083223d elementor-section-boxed elementor-section-height-default elementor-section-height-default\" data-id=\"6083223d\" data-element_type=\"section\">\n\t\t\t\t\t\t<div class=\"elementor-container elementor-column-gap-default\">\n\t\t\t\t\t<div class=\"elementor-column elementor-col-50 elementor-inner-column elementor-element elementor-element-3fcdb190\" data-id=\"3fcdb190\" data-element_type=\"column\">\n\t\t\t<div class=\"elementor-widget-wrap elementor-element-populated\">\n\t\t\t\t\t\t<div class=\"elementor-element elementor-element-19001c36 elementor-widget__width-initial elementor-widget elementor-widget-image\" data-id=\"19001c36\" data-element_type=\"widget\" data-widget_type=\"image.default\">\n\t\t\t\t<div class=\"elementor-widget-container\">\n\t\t\t\t\t\t\t\t\t\t\t\t\t\t\t\t<a href=\"https:\/\/www.schmid-weine.at\/wp-content\/uploads\/2026\/03\/IMG_8072-scaled.jpeg\" data-elementor-open-lightbox=\"yes\" data-elementor-lightbox-title=\"IMG_8072\" data-e-action-hash=\"#elementor-action%3Aaction%3Dlightbox%26settings%3DeyJpZCI6MTQzOCwidXJsIjoiaHR0cHM6XC9cL3d3dy5zY2htaWQtd2VpbmUuYXRcL3dwLWNvbnRlbnRcL3VwbG9hZHNcLzIwMjZcLzAzXC9JTUdfODA3Mi1zY2FsZWQuanBlZyJ9\">\n\t\t\t\t\t\t\t<img fetchpriority=\"high\" decoding=\"async\" width=\"682\" height=\"1024\" src=\"https:\/\/www.schmid-weine.at\/wp-content\/uploads\/2026\/03\/IMG_8072-682x1024.jpeg\" class=\"attachment-large size-large wp-image-1438\" alt=\"\" srcset=\"https:\/\/www.schmid-weine.at\/wp-content\/uploads\/2026\/03\/IMG_8072-682x1024.jpeg 682w, https:\/\/www.schmid-weine.at\/wp-content\/uploads\/2026\/03\/IMG_8072-200x300.jpeg 200w, https:\/\/www.schmid-weine.at\/wp-content\/uploads\/2026\/03\/IMG_8072-768x1152.jpeg 768w, https:\/\/www.schmid-weine.at\/wp-content\/uploads\/2026\/03\/IMG_8072-1024x1536.jpeg 1024w, https:\/\/www.schmid-weine.at\/wp-content\/uploads\/2026\/03\/IMG_8072-1365x2048.jpeg 1365w, https:\/\/www.schmid-weine.at\/wp-content\/uploads\/2026\/03\/IMG_8072-scaled.jpeg 1706w\" sizes=\"100vw\" \/>\t\t\t\t\t\t\t\t<\/a>\n\t\t\t\t\t\t\t\t\t\t\t\t\t\t\t<\/div>\n\t\t\t\t<\/div>\n\t\t\t\t\t<\/div>\n\t\t<\/div>\n\t\t\t\t<div class=\"elementor-column elementor-col-50 elementor-inner-column elementor-element elementor-element-561b0126\" data-id=\"561b0126\" data-element_type=\"column\">\n\t\t\t<div class=\"elementor-widget-wrap elementor-element-populated\">\n\t\t\t\t\t\t<div class=\"elementor-element elementor-element-9681f80 elementor-widget elementor-widget-text-editor\" data-id=\"9681f80\" data-element_type=\"widget\" data-widget_type=\"text-editor.default\">\n\t\t\t\t<div class=\"elementor-widget-container\">\n\t\t\t\t\t\t\t\t\t<p style=\"margin: 6.0pt 0cm 6.0pt 0cm;\"><strong style=\"font-size: 30px;\"><span lang=\"DE\">Traminer 2018<\/span><\/strong><\/p><p style=\"margin: 6.0pt 0cm 6.0pt 0cm;\"><span lang=\"DE\" style=\"font-size: 20px;\">Auslese lieblich \u20ac 8,00<\/span><\/p><p style=\"margin: 6.0pt 0cm 6.0pt 0cm;\"><span style=\"color: #ff9900;\"><span lang=\"DE\" style=\"font-size: 20px;\">GOLD N\u00d6-Weinmesse<\/span><\/span><\/p><p style=\"margin: 6.0pt 0cm 6.0pt 0cm; font-size: 17px;\"><span lang=\"DE\">Ein wuchtig, eleganter Wein duftend nach Rosenbl\u00fcten. Kr\u00e4ftiger K\u00f6rper mit moderater S\u00fc\u00dfe. Am Gaumen lang anhaltender Abgang.<\/span><\/p>\t\t\t\t\t\t\t\t<\/div>\n\t\t\t\t<\/div>\n\t\t\t\t\t<\/div>\n\t\t<\/div>\n\t\t\t\t\t<\/div>\n\t\t<\/section>\n\t\t\t\t\t<\/div>\n\t\t<\/div>\n\t\t\t\t\t<\/div>\n\t\t<\/section>\n\t\t\t\t<\/div>\n\t\t","protected":false},"excerpt":{"rendered":"<p>Traminer 2018 Auslese lieblich \u20ac 8,00 GOLD N\u00d6-Weinmesse Ein wuchtig, eleganter Wein duftend nach Rosenbl\u00fcten. Kr\u00e4ftiger K\u00f6rper mit moderater S\u00fc\u00dfe. Am Gaumen lang anhaltender Abgang.<\/p>\n","protected":false},"author":1,"featured_media":0,"parent":0,"menu_order":0,"comment_status":"closed","ping_status":"closed","template":"","meta":{"footnotes":""},"class_list":["post-58","page","type-page","status-publish","hentry"],"_links":{"self":[{"href":"https:\/\/www.schmid-weine.at\/index.php?rest_route=\/wp\/v2\/pages\/58","targetHints":{"allow":["GET"]}}],"collection":[{"href":"https:\/\/www.schmid-weine.at\/index.php?rest_route=\/wp\/v2\/pages"}],"about":[{"href":"https:\/\/www.schmid-weine.at\/index.php?rest_route=\/wp\/v2\/types\/page"}],"author":[{"embeddable":true,"href":"https:\/\/www.schmid-weine.at\/index.php?rest_route=\/wp\/v2\/users\/1"}],"replies":[{"embeddable":true,"href":"https:\/\/www.schmid-weine.at\/index.php?rest_route=%2Fwp%2Fv2%2Fcomments&post=58"}],"version-history":[{"count":40,"href":"https:\/\/www.schmid-weine.at\/index.php?rest_route=\/wp\/v2\/pages\/58\/revisions"}],"predecessor-version":[{"id":1447,"href":"https:\/\/www.schmid-weine.at\/index.php?rest_route=\/wp\/v2\/pages\/58\/revisions\/1447"}],"wp:attachment":[{"href":"https:\/\/www.schmid-weine.at\/index.php?rest_route=%2Fwp%2Fv2%2Fmedia&parent=58"}],"curies":[{"name":"wp","href":"https:\/\/api.w.org\/{rel}","templated":true}]}}