{"id":97,"date":"2018-05-04T17:26:20","date_gmt":"2018-05-04T15:26:20","guid":{"rendered":"https:\/\/www.schmid-weine.at\/?page_id=97"},"modified":"2019-04-02T19:18:34","modified_gmt":"2019-04-02T17:18:34","slug":"verlinkungen-2","status":"publish","type":"page","link":"https:\/\/www.schmid-weine.at\/?page_id=97","title":{"rendered":"Verlinkungen"},"content":{"rendered":"<p><a href=\"http:\/\/www.weinstrasse-sued.at\/\" target=\"_blank\" rel=\"noopener\">Weinstra\u00dfe s\u00fcdliches Weinviertel<\/a><br \/>\n<a href=\"http:\/\/www.marchweingaertner.at\" rel=\"noopener\" target=\"_blank\">Marchweing\u00e4rtner<\/a>&nbsp;<br \/>\n<a href=\"http:\/\/www.ebenthal.at\/gemeinde\/vereine\/weinbauverein\" rel=\"noopener\" target=\"_blank\">Weinbauverein Ebenthal<\/a><br \/>\n<a href=\"http:\/\/www.weinausjedenspeigen.at\/\" rel=\"noopener\" target=\"_blank\">Weinbauverein Jedenspeigen\/Sierndorf<\/a><\/p>\n","protected":false},"excerpt":{"rendered":"<p>Weinstra\u00dfe s\u00fcdliches Weinviertel Marchweing\u00e4rtner&nbsp; Weinbauverein Ebenthal Weinbauverein Jedenspeigen\/Sierndorf<\/p>\n","protected":false},"author":1,"featured_media":0,"parent":0,"menu_order":0,"comment_status":"closed","ping_status":"closed","template":"","meta":{"footnotes":""},"class_list":["post-97","page","type-page","status-publish","hentry"],"_links":{"self":[{"href":"https:\/\/www.schmid-weine.at\/index.php?rest_route=\/wp\/v2\/pages\/97","targetHints":{"allow":["GET"]}}],"collection":[{"href":"https:\/\/www.schmid-weine.at\/index.php?rest_route=\/wp\/v2\/pages"}],"about":[{"href":"https:\/\/www.schmid-weine.at\/index.php?rest_route=\/wp\/v2\/types\/page"}],"author":[{"embeddable":true,"href":"https:\/\/www.schmid-weine.at\/index.php?rest_route=\/wp\/v2\/users\/1"}],"replies":[{"embeddable":true,"href":"https:\/\/www.schmid-weine.at\/index.php?rest_route=%2Fwp%2Fv2%2Fcomments&post=97"}],"version-history":[{"count":5,"href":"https:\/\/www.schmid-weine.at\/index.php?rest_route=\/wp\/v2\/pages\/97\/revisions"}],"predecessor-version":[{"id":228,"href":"https:\/\/www.schmid-weine.at\/index.php?rest_route=\/wp\/v2\/pages\/97\/revisions\/228"}],"wp:attachment":[{"href":"https:\/\/www.schmid-weine.at\/index.php?rest_route=%2Fwp%2Fv2%2Fmedia&parent=97"}],"curies":[{"name":"wp","href":"https:\/\/api.w.org\/{rel}","templated":true}]}}